{"id":555,"date":"2015-12-27T12:48:30","date_gmt":"2015-12-27T05:48:30","guid":{"rendered":"http:\/\/actlogistics.vn\/?page_id=555"},"modified":"2016-01-29T15:28:23","modified_gmt":"2016-01-29T08:28:23","slug":"recruit","status":"publish","type":"page","link":"https:\/\/www.actlogistics.vn\/en\/recruit\/","title":{"rendered":"Recruit"},"content":{"rendered":"TUY\u1ec2N NH\u00c2N VI\u00caN SALE <\/p>\n<p>S\u1ed1 l\u01b0\u1ee3ng: 02<br \/>\n\u2022 Th\u1ef1c hi\u1ec7n c\u00e1c nhi\u1ec7m v\u1ee5 theo s\u1ef1 ch\u1ec9 \u0111\u1ea1o tr\u1ef1c ti\u1ebfp c\u1ee7a Gi\u00e1m \u0111\u1ed1c Trung t\u00e2m Giao nh\u1eadn H\u00e0ng h\u00f3a, c\u1ee5 th\u1ec3:<br \/>\n\u2022 T\u00ecm ki\u1ebfm, ph\u00e1t tri\u1ec3n ngu\u1ed3n kh\u00e1ch h\u00e0ng, x\u00fac ti\u1ebfn c\u00e1c ho\u1ea1t \u0111\u1ed9ng marketing cho d\u1ecbch v\u1ee5 giao nh\u1eadn h\u00e0ng h\u00f3a c\u1ee7a C\u00f4ng ty bao g\u1ed3m: c\u01b0\u1edbc h\u00e0ng air, sea, d\u1ecbch v\u1ee5 giao nh\u1eadn, v\u1eadn chuy\u1ec3n h\u00e0ng h\u00f3a trong v\u00e0 ngo\u00e0i n\u01b0\u1edbc.<br \/>\n\u2022 Th\u1ef1c hi\u1ec7n c\u00f4ng t\u00e1c ch\u0103m s\u00f3c kh\u00e1ch h\u00e0ng. Duy tr\u00ec v\u00e0 thi\u1ebft l\u1eadp m\u1ed1i quan h\u1ec7 v\u1edbi kh\u00e1ch h\u00e0ng, B\u00e1o c\u00e1o v\u1edbi c\u00e1n b\u1ed9 qu\u1ea3n l\u00fd v\u1ec1 s\u1ed1 l\u01b0\u1ee3ng, t\u00ecnh h\u00ecnh kinh doanh v\u00e0 c\u00e1c \u00fd ki\u1ebfn ph\u1ea3n h\u1ed3i t\u1eeb kh\u00e1ch h\u00e0ng.<br \/>\n\u2022 Cung c\u1ea5p th\u00f4ng tin d\u1ecbch v\u1ee5, gi\u00e1 c\u1ea3 qua vi\u1ec7c x\u00e1c \u0111\u1ecbnh c\u00e1c y\u00eau c\u1ea7u kh\u00e1ch h\u00e0ng, t\u01b0 v\u1ea5n cho kh\u00e1ch h\u00e0ng trong vi\u1ec7c s\u1eed d\u1ee5ng d\u1ecbch v\u1ee5 sao cho ti\u1ebfn \u0111\u1ed9, ch\u1ea5t l\u01b0\u1ee3ng ph\u00f9 h\u1ee3p v\u1edbi nhu c\u1ea7u s\u1eed d\u1ee5ng v\u00e0 l\u1ef1a ch\u1ecdn ph\u01b0\u01a1ng \u00e1n t\u1ed1i \u01b0u nh\u1ea5t.<br \/>\n\u2022 X\u00e2y d\u1ef1ng, \u0111\u1ec1 xu\u1ea5t c\u00e1c ch\u01b0\u01a1ng tr\u00ecnh khuy\u1ebfn m\u00e3i, qu\u1ea3ng c\u00e1o.<br \/>\n\u2022 H\u1ed7 tr\u1ee3 v\u00e0 thu h\u1ed3i c\u00f4ng n\u1ee3.<br \/>\n\u2022 \u0110\u1ea1t \u0111\u01b0\u1ee3c m\u1ee5c ti\u00eau doanh s\u1ed1 ho\u1eb7c s\u1ea3n l\u01b0\u1ee3ng t\u1eebng th\u00e1ng\/qu\u00fd do Gi\u00e1m \u0111\u1ed1c Trung t\u00e2m giao nhi\u1ec7m v\u1ee5.<br \/>\n\u2022 B\u00e1o c\u00e1o k\u1ebft qu\u1ea3 c\u00f4ng vi\u1ec7c tri\u1ec3n khai ho\u1ea1t \u0111\u1ed9ng ti\u1ebfp th\u1ecb h\u00e0ng th\u00e1ng cho Gi\u00e1m \u0111\u1ed1c Trung t\u00e2m.<br \/>\n\u2022 Th\u1ef1c hi\u1ec7n c\u00e1c nhi\u1ec7m v\u1ee5 kh\u00e1c theo s\u1ef1 ph\u00e2n c\u00f4ng c\u1ee7a Gi\u00e1m \u0111\u1ed1c Trung t\u00e2m Giao nh\u1eadn H\u00e0ng h\u00f3a.<\/p>\n<p>&#8211; Gi\u1edbi t\u00ednh: Nam\/N\u1eef<br \/>\n&#8211; Tr\u00ecnh \u0111\u1ed9: T\u1ed1t nghi\u1ec7p t\u1eeb Cao \u0111\u1eb3ng tr\u1edf l\u00ean chuy\u00ean ng\u00e0nh Kinh t\u1ebf\/Qu\u1ea3n tr\u1ecb kinh doanh\/Marketing. \u01afu ti\u00ean \u1ee9ng vi\u00ean t\u1ed1t nghi\u1ec7p \u0110\u1ea1i h\u1ecdc Ngo\u1ea1i th\u01b0\u01a1ng, Kinh t\u1ebf.<br \/>\n&#8211; \u01afu ti\u00ean c\u00f3 kinh nghi\u1ec7m l\u00e0m vi\u1ec7c trong l\u0129nh v\u1ef1c Sales, Logistics v\u00e0 Giao nh\u1eadn h\u00e0ng h\u00f3a h\u00e0ng kh\u00f4ng<br \/>\n&#8211; C\u00f3 ch\u1ee9ng ch\u1ec9 B Anh v\u0103n tr\u1edf l\u00ean ho\u1eb7c t\u01b0\u01a1ng \u0111\u01b0\u01a1ng, c\u00f3 kh\u1ea3 n\u0103ng giao ti\u1ebfp t\u1ed1t b\u1eb1ng ti\u1ebfng Anh.<br \/>\n&#8211; C\u00f3 k\u1ef9 n\u0103ng di\u1ec5n \u0111\u1ea1t v\u00e0 kh\u1ea3 n\u0103ng \u0111\u00e0m ph\u00e1n, giao ti\u1ebfp t\u1ed1t.<br \/>\n&#8211; C\u00f3 kh\u1ea3 n\u0103ng l\u00e0m vi\u1ec7c theo nh\u00f3m, ch\u1ecbu \u0111\u01b0\u1ee3c \u00e1p l\u1ef1c c\u00f4ng vi\u1ec7c v\u00e0 c\u00f3 tinh th\u1ea7n tr\u00e1ch nhi\u1ec7m cao.<br \/>\n&#8211; S\u1eed d\u1ee5ng th\u00e0nh th\u1ea1o vi t\u00ednh v\u0103n ph\u00f2ng<\/p>\n<p>* H\u1ed3 s\u01a1 tuy\u1ec3n d\u1ee5ng g\u1ed3m:<br \/>\n&#8211; \u0110\u01a1n xin vi\u1ec7c.<br \/>\n&#8211; S\u01a1 y\u1ebfu l\u00fd l\u1ecbch th\u1ec3 hi\u1ec7n chi ti\u1ebft 5 n\u0103m g\u1ea7n nh\u1ea5t c\u00f3 ch\u1ee9ng th\u1ef1c c\u1ee7a ch\u00ednh quy\u1ec1n \u0111\u1ecba ph\u01b0\u01a1ng (trong th\u1eddi gian 06 th\u00e1ng).<br \/>\n&#8211; B\u1ea3n t\u00f3m t\u1eaft qu\u00e1 tr\u00ecnh h\u1ecdc t\u1eadp, c\u00f4ng t\u00e1c. (Ghi c\u1ee5 th\u1ec3 s\u1ed1 \u0111i\u1ec7n tho\u1ea1i, \u0111\u1ecba ch\u1ec9 c\u1ee7a c\u00e1n b\u1ed9 qu\u1ea3n l\u00fd tr\u1ef1c ti\u1ebfp theo qu\u00e1 tr\u00ecnh c\u00f4ng t\u00e1c \u0111\u1ec3 tham kh\u1ea3o).<br \/>\n&#8211; Gi\u1ea5y ch\u1ee9ng minh nh\u00e2n d\u00e2n (b\u1ea3n sao c\u00f4ng ch\u1ee9ng).<br \/>\n&#8211; H\u1ed9 kh\u1ea9u th\u01b0\u1eddng tr\u00fa, s\u1ed5 t\u1ea1m tr\u00fa (b\u1ea3n sao c\u00f4ng ch\u1ee9ng).<br \/>\n&#8211; B\u1ea3n sao Gi\u1ea5y khai sinh.<br \/>\n&#8211; L\u00fd l\u1ecbch t\u01b0 ph\u00e1p.<br \/>\n&#8211; Gi\u1ea5y x\u00e1c nh\u1eadn c\u1ee7a C\u00f4ng An \u0111\u1ecba ph\u01b0\u01a1ng n\u01a1i c\u01b0 tr\u00fa (theo m\u1eabu do C\u00f4ng ty cung c\u1ea5p).<br \/>\n&#8211; C\u00e1c lo\u1ea1i v\u0103n b\u1eb1ng, ch\u1ee9ng ch\u1ec9 (b\u1ea3n sao c\u00f4ng ch\u1ee9ng).<br \/>\n&#8211; Gi\u1ea5y kh\u00e1m s\u1ee9c kh\u1ecfe (trong kho\u1ea3ng th\u1eddi gian 06 th\u00e1ng).<br \/>\n&#8211; 04 \u1ea3nh (4 x 6) ch\u1ee5p m\u1edbi nh\u1ea5t.<br \/>\n&#8211; B\u1ea3n c\u1ee9ng h\u1ed3 s\u01a1 g\u1eedi v\u1ec1: Ph\u00f2ng 6, T\u1ea7ng 10, T\u00f2a Nh\u00e0 V\u0103n Ph\u00f2ng S\u00f4ng H\u1ed3ng, S\u1ed1 165 Th\u00e1i H\u00e0, Ph\u01b0\u1eddng L\u00e1ng H\u1ea1, Qu\u1eadn \u0110\u1ed1ng \u0110a, TP H\u00e0 N\u1ed9i<br \/>\n  Li\u00ean h\u1ec7 Ms.Oanh : 0962.061.865","protected":false},"excerpt":{"rendered":"<p>TUY\u1ec2N NH\u00c2N VI\u00caN SALE S\u1ed1 l\u01b0\u1ee3ng: 02 \u2022 Th\u1ef1c hi\u1ec7n c\u00e1c nhi\u1ec7m v\u1ee5 theo s\u1ef1 ch\u1ec9 \u0111\u1ea1o tr\u1ef1c ti\u1ebfp c\u1ee7a Gi\u00e1m \u0111\u1ed1c Trung t\u00e2m Giao nh\u1eadn H\u00e0ng h\u00f3a, c\u1ee5 th\u1ec3: \u2022 T\u00ecm ki\u1ebfm, ph\u00e1t tri\u1ec3n ngu\u1ed3n kh\u00e1ch h\u00e0ng, x\u00fac ti\u1ebfn c\u00e1c ho\u1ea1t \u0111\u1ed9ng marketing cho d\u1ecbch v\u1ee5 giao nh\u1eadn h\u00e0ng h\u00f3a c\u1ee7a C\u00f4ng ty bao<a href=\"https:\/\/www.actlogistics.vn\/en\/recruit\/\">[&#8230;]<\/a><\/p>\n","protected":false},"author":1,"featured_media":0,"parent":0,"menu_order":4,"comment_status":"closed","ping_status":"closed","template":"","meta":{"footnotes":""},"class_list":["post-555","page","type-page","status-publish","hentry"],"_links":{"self":[{"href":"https:\/\/www.actlogistics.vn\/en\/wp-json\/wp\/v2\/pages\/555","targetHints":{"allow":["GET"]}}],"collection":[{"href":"https:\/\/www.actlogistics.vn\/en\/wp-json\/wp\/v2\/pages"}],"about":[{"href":"https:\/\/www.actlogistics.vn\/en\/wp-json\/wp\/v2\/types\/page"}],"author":[{"embeddable":true,"href":"https:\/\/www.actlogistics.vn\/en\/wp-json\/wp\/v2\/users\/1"}],"replies":[{"embeddable":true,"href":"https:\/\/www.actlogistics.vn\/en\/wp-json\/wp\/v2\/comments?post=555"}],"version-history":[{"count":7,"href":"https:\/\/www.actlogistics.vn\/en\/wp-json\/wp\/v2\/pages\/555\/revisions"}],"predecessor-version":[{"id":964,"href":"https:\/\/www.actlogistics.vn\/en\/wp-json\/wp\/v2\/pages\/555\/revisions\/964"}],"wp:attachment":[{"href":"https:\/\/www.actlogistics.vn\/en\/wp-json\/wp\/v2\/media?parent=555"}],"curies":[{"name":"wp","href":"https:\/\/api.w.org\/{rel}","templated":true}]}}