{"id":29,"date":"2015-11-11T02:09:11","date_gmt":"2015-11-10T19:09:11","guid":{"rendered":"http:\/\/actlogistics.vn\/?page_id=29"},"modified":"2022-05-24T00:10:56","modified_gmt":"2022-05-23T17:10:56","slug":"home","status":"publish","type":"page","link":"https:\/\/www.actlogistics.vn\/vn\/","title":{"rendered":"Trang ch\u1ee7"},"content":{"rendered":"<div id=\"pl-29\"  class=\"panel-layout\" ><div id=\"pg-29-0\"  class=\"panel-grid panel-has-style\" ><div class=\"siteorigin-panels-stretch panel-row-style panel-row-style-for-29-0\" data-stretch-type=\"full\" ><div id=\"pgc-29-0-0\"  class=\"panel-grid-cell\" ><div id=\"panel-29-0-0-0\" class=\"so-panel widget widget_shortcodes-ultimate shortcodes-ultimate panel-first-child\" data-index=\"0\" ><h3 class=\"widget-title\"><\/h3><div class=\"textwidget\"><\/div><\/div><div id=\"panel-29-0-0-4\" class=\"so-panel widget widget_sow-editor\" data-index=\"4\" ><div class=\"wow fadeInDown panel-widget-style panel-widget-style-for-29-0-0-4\" data-wow-offset=\"10\" data-wow-iteration=\"1\" ><div\n\t\t\t\n\t\t\tclass=\"so-widget-sow-editor so-widget-sow-editor-base\"\n\t\t\t\n\t\t>\n<div class=\"siteorigin-widget-tinymce textwidget\">\n\t<h2 class=\"text-center main-color mgb50\"><span class=\"avo-header header-pattern-grey fs30\">GI\u1edaI THI\u1ec6U<\/span><\/h2>\n<div class=\"text-center fw300 fs16\" style=\"text-align: center;\">ACT Logistics l\u00e0 m\u1ed9t c\u00f4ng ty qu\u1ea3n l\u00fd h\u1eadu c\u1ea7n, cung c\u1ea5p c\u00e1c\u00a0d\u1ecbch v\u1ee5 giao th\u00f4ng v\u1eadn t\u1ea3i t\u00edch h\u1ee3p, m\u00f4i gi\u1edbi h\u1ea3i quan, d\u1ecbch v\u1ee5 kho b\u00e3i<br \/>\nv\u00e0 ph\u00e2n ph\u1ed1i tr\u00ean to\u00e0n c\u1ea7u. C\u00f4ng ty \u0111\u01b0\u1ee3c th\u00e0nh l\u1eadp v\u00e0o n\u0103m 2010 v\u00e0 c\u00f3 tr\u1ee5 s\u1edf t\u1ea1i Vi\u1ec7t Nam v\u1edbi v\u1ed1n \u0111\u1ea7u t\u01b0 t\u1eeb Singapore.<\/div>\n<div class=\"text-center fw300 fs16\" style=\"text-align: center;\">C\u00e1c l\u0129nh v\u1ef1c d\u1ecbch v\u1ee5 c\u1ee7a c\u00f4ng ty bao g\u1ed3m: v\u1eadn t\u1ea3i bi\u1ec3n qu\u1ed1c t\u1ebf, v\u1eadn t\u1ea3i h\u00e0ng kh\u00f4ng qu\u1ed1c t\u1ebf v\u00e0 t\u1ea5t c\u1ea3 c\u00e1c d\u1ecbch v\u1ee5 logistics li\u00ean quan .V\u1edbi h\u1ec7 th\u1ed1ng \u0111\u1ea1i l\u00fd to\u00e0n c\u1ea7u, c\u00f9ng v\u1edbi \u0111\u1ed9i ng\u0169 nh\u00e2n vi\u00ean chuy\u00ean nghi\u1ec7p, ch\u00fang t\u00f4i c\u00f3 th\u1ec3 cung c\u1ea5p \u0111\u1ea7y \u0111\u1ee7 c\u00e1c d\u1ecbch v\u1ee5 x\u1eed l\u00fd h\u00e0ng h\u00f3a m\u1ed9t c\u00e1ch nhanh ch\u00f3ng, hi\u1ec7u qu\u1ea3 v\u00e0 kinh t\u1ebf.<\/div>\n<\/div>\n<\/div><\/div><\/div><div id=\"panel-29-0-0-5\" class=\"so-panel widget widget_sow-features\" data-index=\"5\" ><div class=\"wow slideInLeft act-services panel-widget-style panel-widget-style-for-29-0-0-5\" data-wow-offset=\"10\" data-wow-iteration=\"1\" ><div\n\t\t\t\n\t\t\tclass=\"so-widget-sow-features so-widget-sow-features-default-3af3ae302102-29\"\n\t\t\t\n\t\t>\n<div class=\"sow-features-list sow-features-responsive\">\n\n\t\t\t\t\t\t<div\n\t\t\t\tclass=\"sow-features-feature sow-icon-container-position-top sow-features-feature-last-row\"\n\t\t\t\tstyle=\"display: flex; flex-direction: column; float: left; width: 20%;\"\n\t\t\t>\n\n\t\t\t\t\t\t\t\t\t<a\n\t\t\t\t\t\thref=\"https:\/\/www.actlogistics.vn\/vn\/airfreight\/\"\n\t\t\t\t\t\t\t\t\t\t\t>\n\t\t\t\t\t\t\t\t<div\n\t\t\t\t\tclass=\"sow-icon-container sow-container-round\"\n                    style=\"color: #ffffff; \"\n\t\t\t\t\t>\n\t\t\t\t\t<span class=\"sow-icon-fontawesome sow-fas\" data-sow-icon=\"&#xf072;\"\n\t\tstyle=\"font-size: 70px; color: #dd3333\" \n\t\taria-hidden=\"true\"><\/span>\t\t\t\t<\/div>\n\t\t\t\t\t\t\t\t\t<\/a>\n\t\t\t\t\n\t\t\t\t<div class=\"textwidget\">\n\t\t\t\t\t\t\t\t\t\t\t<h5>\n\t\t\t\t\t\t\t\t\t\t\t\t\t\t\t<a\n\t\t\t\t\t\t\t\t\thref=\"https:\/\/www.actlogistics.vn\/vn\/airfreight\/\"\n\t\t\t\t\t\t\t\t\t\t\t\t\t\t\t\t\t>\n\t\t\t\t\t\t\t\n\t\t\t\t\t\t\tV\u1eacN T\u1ea2I H\u00c0NG KH\u00d4NG\t\t\t\t\t\t\t\t\t\t\t\t\t\t\t<\/a>\n\t\t\t\t\t\t\t\t\t\t\t\t\t<\/h5>\n\t\t\t\t\t\n\t\t\t\t\t\t\t\t\t\t\tCung c\u1ea5p c\u00e1c d\u1ecbch v\u1ee5 h\u00e0ng kh\u00f4ng tin c\u1eady, hi\u1ec7u qu\u1ea3 gi\u00fap kh\u00e1ch h\u00e0ng ti\u1ebft ki\u1ec7m th\u1eddi gian, chi ph\u00ed.\t\t\t\t\t\n\t\t\t\t\t\t\t\t\t\t\t<p class=\"sow-more-text\">\n\t\t\t\t\t\t\t<a href=\"https:\/\/www.actlogistics.vn\/vn\/airfreight\/\" >\t\t\t\t\t\t\tXem th\u00eam\t\t\t\t\t\t\t<\/a>\t\t\t\t\t\t<\/p>\n\t\t\t\t\t\t\t\t\t<\/div>\n\t\t\t\t\t\t\t<\/div>\n\n\t\t\t\t\t<div\n\t\t\t\tclass=\"sow-features-feature sow-icon-container-position-top sow-features-feature-last-row\"\n\t\t\t\tstyle=\"display: flex; flex-direction: column; float: left; width: 20%;\"\n\t\t\t>\n\n\t\t\t\t\t\t\t\t\t<a\n\t\t\t\t\t\thref=\"https:\/\/www.actlogistics.vn\/vn\/seafreight\/\"\n\t\t\t\t\t\t\t\t\t\t\t>\n\t\t\t\t\t\t\t\t<div\n\t\t\t\t\tclass=\"sow-icon-container sow-container-round\"\n                    style=\"color: #ffffff; \"\n\t\t\t\t\t>\n\t\t\t\t\t<span class=\"sow-icon-fontawesome sow-fas\" data-sow-icon=\"&#xf21a;\"\n\t\tstyle=\"font-size: 70px; color: #81d742\" \n\t\taria-hidden=\"true\"><\/span>\t\t\t\t<\/div>\n\t\t\t\t\t\t\t\t\t<\/a>\n\t\t\t\t\n\t\t\t\t<div class=\"textwidget\">\n\t\t\t\t\t\t\t\t\t\t\t<h5>\n\t\t\t\t\t\t\t\t\t\t\t\t\t\t\t<a\n\t\t\t\t\t\t\t\t\thref=\"https:\/\/www.actlogistics.vn\/vn\/seafreight\/\"\n\t\t\t\t\t\t\t\t\t\t\t\t\t\t\t\t\t>\n\t\t\t\t\t\t\t\n\t\t\t\t\t\t\tV\u1eacN T\u1ea2I \u0110\u01af\u1edcNG BI\u1ec2N\t\t\t\t\t\t\t\t\t\t\t\t\t\t\t<\/a>\n\t\t\t\t\t\t\t\t\t\t\t\t\t<\/h5>\n\t\t\t\t\t\n\t\t\t\t\t\t\t\t\t\t\tCung \u1ee9ng c\u00e1c d\u1ecbch v\u1ee5 v\u1eadn t\u1ea3i bi\u1ec3n v\u00e0 h\u00e0ng gom \u0111\u1ebfn c\u00e1c \u0111\u1ecba \u0111i\u1ec3m giao h\u00e0ng tr\u00ean to\u00e0n th\u1ebf gi\u1edbi.\t\t\t\t\t\n\t\t\t\t\t\t\t\t\t\t\t<p class=\"sow-more-text\">\n\t\t\t\t\t\t\t<a href=\"https:\/\/www.actlogistics.vn\/vn\/seafreight\/\" >\t\t\t\t\t\t\tXem th\u00eam\t\t\t\t\t\t\t<\/a>\t\t\t\t\t\t<\/p>\n\t\t\t\t\t\t\t\t\t<\/div>\n\t\t\t\t\t\t\t<\/div>\n\n\t\t\t\t\t<div\n\t\t\t\tclass=\"sow-features-feature sow-icon-container-position-top sow-features-feature-last-row\"\n\t\t\t\tstyle=\"display: flex; flex-direction: column; float: left; width: 20%;\"\n\t\t\t>\n\n\t\t\t\t\t\t\t\t\t<a\n\t\t\t\t\t\thref=\"https:\/\/www.actlogistics.vn\/vn\/trucking\/\"\n\t\t\t\t\t\t\t\t\t\t\t>\n\t\t\t\t\t\t\t\t<div\n\t\t\t\t\tclass=\"sow-icon-container sow-container-round\"\n                    style=\"color: #ffffff; \"\n\t\t\t\t\t>\n\t\t\t\t\t<span class=\"sow-icon-fontawesome sow-fas\" data-sow-icon=\"&#xf0d1;\"\n\t\tstyle=\"font-size: 70px; color: #585dd8\" \n\t\taria-hidden=\"true\"><\/span>\t\t\t\t<\/div>\n\t\t\t\t\t\t\t\t\t<\/a>\n\t\t\t\t\n\t\t\t\t<div class=\"textwidget\">\n\t\t\t\t\t\t\t\t\t\t\t<h5>\n\t\t\t\t\t\t\t\t\t\t\t\t\t\t\t<a\n\t\t\t\t\t\t\t\t\thref=\"https:\/\/www.actlogistics.vn\/vn\/trucking\/\"\n\t\t\t\t\t\t\t\t\t\t\t\t\t\t\t\t\t>\n\t\t\t\t\t\t\t\n\t\t\t\t\t\t\tV\u1eacN T\u1ea2I \u0110\u01af\u1edcNG B\u1ed8\t\t\t\t\t\t\t\t\t\t\t\t\t\t\t<\/a>\n\t\t\t\t\t\t\t\t\t\t\t\t\t<\/h5>\n\t\t\t\t\t\n\t\t\t\t\t\t\t\t\t\t\tCh\u00fang t\u00f4i cam k\u1ebft h\u00e0ng ho\u00e1 c\u1ee7a kh\u00e1ch h\u00e0ng s\u1ebd \u0111\u01b0\u1ee3c v\u1eadn chuy\u1ec3n t\u1edbi \u0111i\u1ec3m giao, nh\u1eadn h\u00e0ng an to\u00e0n, \u0111\u00fang h\u1eb9n v\u1edbi gi\u00e1 c\u1ea3 c\u1ea1nh tranh nh\u1ea5t\t\t\t\t\t\n\t\t\t\t\t\t\t\t\t\t\t<p class=\"sow-more-text\">\n\t\t\t\t\t\t\t<a href=\"https:\/\/www.actlogistics.vn\/vn\/trucking\/\" >\t\t\t\t\t\t\tXem th\u00eam\t\t\t\t\t\t\t<\/a>\t\t\t\t\t\t<\/p>\n\t\t\t\t\t\t\t\t\t<\/div>\n\t\t\t\t\t\t\t<\/div>\n\n\t\t\t\t\t<div\n\t\t\t\tclass=\"sow-features-feature sow-icon-container-position-top sow-features-feature-last-row\"\n\t\t\t\tstyle=\"display: flex; flex-direction: column; float: left; width: 20%;\"\n\t\t\t>\n\n\t\t\t\t\t\t\t\t\t<a\n\t\t\t\t\t\thref=\"https:\/\/www.actlogistics.vn\/vn\/customs-clear\/\"\n\t\t\t\t\t\t\t\t\t\t\t>\n\t\t\t\t\t\t\t\t<div\n\t\t\t\t\tclass=\"sow-icon-container sow-container-round\"\n                    style=\"color: #ffffff; \"\n\t\t\t\t\t>\n\t\t\t\t\t<span class=\"sow-icon-fontawesome sow-fas\" data-sow-icon=\"&#xf086;\"\n\t\tstyle=\"font-size: 70px; color: #0091c6\" \n\t\taria-hidden=\"true\"><\/span>\t\t\t\t<\/div>\n\t\t\t\t\t\t\t\t\t<\/a>\n\t\t\t\t\n\t\t\t\t<div class=\"textwidget\">\n\t\t\t\t\t\t\t\t\t\t\t<h5>\n\t\t\t\t\t\t\t\t\t\t\t\t\t\t\t<a\n\t\t\t\t\t\t\t\t\thref=\"https:\/\/www.actlogistics.vn\/vn\/customs-clear\/\"\n\t\t\t\t\t\t\t\t\t\t\t\t\t\t\t\t\t>\n\t\t\t\t\t\t\t\n\t\t\t\t\t\t\t\u0110\u1ea0I L\u00dd H\u1ea2I QUAN\t\t\t\t\t\t\t\t\t\t\t\t\t\t\t<\/a>\n\t\t\t\t\t\t\t\t\t\t\t\t\t<\/h5>\n\t\t\t\t\t\n\t\t\t\t\t\t\t\t\t\t\tH\u1ed7 tr\u1ee3 v\u00e0 t\u01b0 v\u1ea5n kh\u00e1ch h\u00e0ng ho\u00e0n th\u00e0nh th\u1ee7 t\u1ee5c h\u1ea3i quan nhanh ch\u00f3ng, hi\u1ec7u qu\u1ea3 v\u00e0 \u0111\u1ea3m b\u1ea3o ti\u1ebfn \u0111\u1ed9.\t\t\t\t\t\n\t\t\t\t\t\t\t\t\t\t\t<p class=\"sow-more-text\">\n\t\t\t\t\t\t\t<a href=\"https:\/\/www.actlogistics.vn\/vn\/customs-clear\/\" >\t\t\t\t\t\t\tXem th\u00eam\t\t\t\t\t\t\t<\/a>\t\t\t\t\t\t<\/p>\n\t\t\t\t\t\t\t\t\t<\/div>\n\t\t\t\t\t\t\t<\/div>\n\n\t\t\t\t\t<div\n\t\t\t\tclass=\"sow-features-feature sow-icon-container-position-top sow-features-feature-last-row\"\n\t\t\t\tstyle=\"display: flex; flex-direction: column; float: left; width: 20%;\"\n\t\t\t>\n\n\t\t\t\t\t\t\t\t\t<a\n\t\t\t\t\t\thref=\"https:\/\/www.actlogistics.vn\/vn\/warehose\/\"\n\t\t\t\t\t\t\t\t\t\t\t>\n\t\t\t\t\t\t\t\t<div\n\t\t\t\t\tclass=\"sow-icon-container sow-container-round\"\n                    style=\"color: #ffffff; \"\n\t\t\t\t\t>\n\t\t\t\t\t<span class=\"sow-icon-fontawesome sow-fas\" data-sow-icon=\"&#xf1b3;\"\n\t\tstyle=\"font-size: 70px; color: #ff8f3a\" \n\t\taria-hidden=\"true\"><\/span>\t\t\t\t<\/div>\n\t\t\t\t\t\t\t\t\t<\/a>\n\t\t\t\t\n\t\t\t\t<div class=\"textwidget\">\n\t\t\t\t\t\t\t\t\t\t\t<h5>\n\t\t\t\t\t\t\t\t\t\t\t\t\t\t\t<a\n\t\t\t\t\t\t\t\t\thref=\"https:\/\/www.actlogistics.vn\/vn\/warehose\/\"\n\t\t\t\t\t\t\t\t\t\t\t\t\t\t\t\t\t>\n\t\t\t\t\t\t\t\n\t\t\t\t\t\t\tD\u1ecaCH V\u1ee4 KHO B\u00c3I\t\t\t\t\t\t\t\t\t\t\t\t\t\t\t<\/a>\n\t\t\t\t\t\t\t\t\t\t\t\t\t<\/h5>\n\t\t\t\t\t\n\t\t\t\t\t\t\t\t\t\t\tACT \u0111\u01b0a ra c\u00e1c gi\u1ea3i ph\u00e1p linh ho\u1ea1t, ph\u00f9 h\u1ee3p \u0111\u1ed1i v\u1edbi c\u00e1c d\u1ecbch v\u1ee5 kho b\u00e3i v\u00e0 logistics kh\u00e1c \u0111\u1ec3 \u0111\u00e1p \u1ee9ng nhu c\u1ea7u c\u1ee7a kh\u00e1ch h\u00e0ng.\t\t\t\t\t\n\t\t\t\t\t\t\t\t\t\t\t<p class=\"sow-more-text\">\n\t\t\t\t\t\t\t<a href=\"https:\/\/www.actlogistics.vn\/vn\/warehose\/\" >\t\t\t\t\t\t\tXem th\u00eam\t\t\t\t\t\t\t<\/a>\t\t\t\t\t\t<\/p>\n\t\t\t\t\t\t\t\t\t<\/div>\n\t\t\t\t\t\t\t<\/div>\n\n\t\t\t\n<\/div>\n<\/div><\/div><\/div><div id=\"panel-29-0-0-6\" class=\"so-panel widget widget_shortcodes-ultimate shortcodes-ultimate\" data-index=\"6\" ><h3 class=\"widget-title\"><\/h3><div class=\"textwidget\"><\/div><\/div><\/div><\/div><\/div><div id=\"pg-29-1\"  class=\"panel-grid panel-has-style\" ><div class=\"hf-recent-courses so-parallax siteorigin-panels-stretch panel-row-style panel-row-style-for-29-1\" data-stretch-type=\"full\" ><img fetchpriority=\"high\" decoding=\"async\" width=\"1366\" height=\"602\" src=\"https:\/\/www.actlogistics.vn\/wp-content\/uploads\/2015\/11\/bg-tintuc.jpg\" class=\"attachment-full size-full\" alt=\"\" data-siteorigin-parallax=\"true\" loading=\"eager\" srcset=\"https:\/\/www.actlogistics.vn\/wp-content\/uploads\/2015\/11\/bg-tintuc.jpg 1366w, https:\/\/www.actlogistics.vn\/wp-content\/uploads\/2015\/11\/bg-tintuc-300x132.jpg 300w, https:\/\/www.actlogistics.vn\/wp-content\/uploads\/2015\/11\/bg-tintuc-1024x451.jpg 1024w\" sizes=\"(max-width: 1366px) 100vw, 1366px\" \/><div id=\"pgc-29-1-0\"  class=\"panel-grid-cell\" ><div id=\"panel-29-1-0-0\" class=\"so-panel widget widget_shortcodes-ultimate shortcodes-ultimate panel-first-child\" data-index=\"13\" ><h3 class=\"widget-title\"><\/h3><div class=\"textwidget\"><\/div><\/div><div id=\"panel-29-1-0-3\" class=\"so-panel widget widget_sow-editor\" data-index=\"16\" ><div\n\t\t\t\n\t\t\tclass=\"so-widget-sow-editor so-widget-sow-editor-base\"\n\t\t\t\n\t\t>\n<div class=\"siteorigin-widget-tinymce textwidget\">\n\t<h2 class=\"text-center white mgb50\"><span class=\"avo-header header-pattern-white fs30\">TIN T\u1ee8C<\/span><\/h2>\n<\/div>\n<\/div><\/div><div id=\"panel-29-1-0-4\" class=\"so-panel widget widget_shortcodes-ultimate shortcodes-ultimate\" data-index=\"17\" ><h3 class=\"widget-title\"><\/h3><div class=\"textwidget\"><\/div><\/div><div id=\"panel-29-1-0-9\" class=\"so-panel widget widget_pj_ap_widget panel-last-child\" data-index=\"22\" ><div class=\"wow zoomIn bg-white-mobile panel-widget-style panel-widget-style-for-29-1-0-9\" data-wow-offset=\"10\" data-wow-iteration=\"1\" >\t<div class=\"liquid-slider\"  id=\"slider-id-382\">\n\t\t\t\t\t<div class=\"tp-carousel-posts portf-cols cols-3 clearfix\" style=\"margin-right:-40px;\">\n\t\t\t\t<h2 class=\"title hidden\">Slide 0<\/h2>\n\t\t\t\t\t\t\t<div id=\"carou-post-2437\" class=\"post-2437 post type-post status-publish format-standard hentry category-news tag-airport-code\" style=\"width:33.333333333333%;\">\n\t\t\t\t\t<div class=\"margin clasic\" style=\"margin:0 40px 40px 0\">\n\t\t\t\t\t\t\t\t\t\t\t\t\t\n\t\t\t\t\t\t\t\t\t\t\t\n\t\t\t\t\t\t<a href=\"https:\/\/www.actlogistics.vn\/vn\/wingcopter-continental-drones-to-deploy-12k-drones-in-africa-by-2027\/\" style=\"background:url('') no-repeat center center #fff;background-size:cover;display:block;width:340px;height:235px;border:15px solid #fff;\">\n\t\t\t\t\t\t<\/a>\n\t\t\t\t\t\t\t\t\t\t\t\t\t<h4><a href=\"https:\/\/www.actlogistics.vn\/vn\/wingcopter-continental-drones-to-deploy-12k-drones-in-africa-by-2027\/\" title=\"Wingcopter, Continental Drones to deploy 12K drones in Africa by 2027\">Wingcopter, Continental Drones to deploy 12K drones in Africa by 2027<\/a><\/h4>\n\t\t\t\t\t\t\t\t\t\t\t\t\t\t\t\t\t\t\t<p>\n\t\t\t\t\t\t\tGerman drone company Wingcopter and Continental Drones, a subsidiary of Ghana- and Dubai-based Atlantic Trust Holding, are partnering to deploy 12,000...\t\t\t\t\t\t\t<\/p>\n\t\t\t\t\t\t\t\t\t\t\t<\/div>\n\t\t\t\t<\/div>\n\t\t\t\t\t\t\t<div id=\"carou-post-2438\" class=\"post-2438 post type-post status-publish format-standard hentry category-news tag-airport-code\" style=\"width:33.333333333333%;\">\n\t\t\t\t\t<div class=\"margin clasic\" style=\"margin:0 40px 40px 0\">\n\t\t\t\t\t\t\t\t\t\t\t\t\t\n\t\t\t\t\t\t\t\t\t\t\t\n\t\t\t\t\t\t<a href=\"https:\/\/www.actlogistics.vn\/vn\/aa-cargo-bolsters-trans-atlantic-services-with-daily-direct-routes\/\" style=\"background:url('') no-repeat center center #fff;background-size:cover;display:block;width:340px;height:235px;border:15px solid #fff;\">\n\t\t\t\t\t\t<\/a>\n\t\t\t\t\t\t\t\t\t\t\t\t\t<h4><a href=\"https:\/\/www.actlogistics.vn\/vn\/aa-cargo-bolsters-trans-atlantic-services-with-daily-direct-routes\/\" title=\"AA Cargo bolsters trans-Atlantic services with daily direct routes\">AA Cargo bolsters trans-Atlantic services with daily direct routes<\/a><\/h4>\n\t\t\t\t\t\t\t\t\t\t\t\t\t\t\t\t\t\t\t<p>\n\t\t\t\t\t\t\tTexas-based American Airlines (AA) this month bolstered its trans-Atlantic cargo services with daily direct routes between Europe and the U.S., boosti...\t\t\t\t\t\t\t<\/p>\n\t\t\t\t\t\t\t\t\t\t\t<\/div>\n\t\t\t\t<\/div>\n\t\t\t\t\t\t\t<div id=\"carou-post-2439\" class=\"post-2439 post type-post status-publish format-standard hentry category-news tag-airport-code\" style=\"width:33.333333333333%;\">\n\t\t\t\t\t<div class=\"margin clasic\" style=\"margin:0 40px 40px 0\">\n\t\t\t\t\t\t\t\t\t\t\t\t\t\n\t\t\t\t\t\t\t\t\t\t\t\n\t\t\t\t\t\t<a href=\"https:\/\/www.actlogistics.vn\/vn\/antonov-airlines-looks-to-establish-leipzig-as-operational-base\/\" style=\"background:url('') no-repeat center center #fff;background-size:cover;display:block;width:340px;height:235px;border:15px solid #fff;\">\n\t\t\t\t\t\t<\/a>\n\t\t\t\t\t\t\t\t\t\t\t\t\t<h4><a href=\"https:\/\/www.actlogistics.vn\/vn\/antonov-airlines-looks-to-establish-leipzig-as-operational-base\/\" title=\"Antonov Airlines looks to establish Leipzig as operational base\">Antonov Airlines looks to establish Leipzig as operational base<\/a><\/h4>\n\t\t\t\t\t\t\t\t\t\t\t\t\t\t\t\t\t\t\t<p>\n\t\t\t\t\t\t\tAntonov Airlines is looking to establish a full-scale operational base at Leipzig Airport (LEJ) in Germany, following the destruction inflicted by Rus...\t\t\t\t\t\t\t<\/p>\n\t\t\t\t\t\t\t\t\t\t\t<\/div>\n\t\t\t\t<\/div>\n\t\t\t\t\t\t<\/div><!-- .tp-carousel-posts.two-cols -->\n\t\t\t<\/div>\n\t<\/div><\/div><\/div><\/div><\/div><div id=\"pg-29-2\"  class=\"panel-grid panel-has-style\" ><div class=\"act-partners so-parallax siteorigin-panels-stretch panel-row-style panel-row-style-for-29-2\" data-stretch-type=\"full\" ><img decoding=\"async\" width=\"1366\" height=\"602\" src=\"https:\/\/www.actlogistics.vn\/wp-content\/uploads\/2015\/11\/bg-partner.jpg\" class=\"attachment-full size-full\" alt=\"\" data-siteorigin-parallax=\"true\" loading=\"eager\" srcset=\"https:\/\/www.actlogistics.vn\/wp-content\/uploads\/2015\/11\/bg-partner.jpg 1366w, https:\/\/www.actlogistics.vn\/wp-content\/uploads\/2015\/11\/bg-partner-300x132.jpg 300w, https:\/\/www.actlogistics.vn\/wp-content\/uploads\/2015\/11\/bg-partner-1024x451.jpg 1024w\" sizes=\"(max-width: 1366px) 100vw, 1366px\" \/><div id=\"pgc-29-2-0\"  class=\"panel-grid-cell\" ><div id=\"panel-29-2-0-0\" class=\"so-panel widget widget_shortcodes-ultimate shortcodes-ultimate panel-first-child\" data-index=\"23\" ><h3 class=\"widget-title\"><\/h3><div class=\"textwidget\"><\/div><\/div><div id=\"panel-29-2-0-3\" class=\"so-panel widget widget_sow-editor\" data-index=\"26\" ><div\n\t\t\t\n\t\t\tclass=\"so-widget-sow-editor so-widget-sow-editor-base\"\n\t\t\t\n\t\t>\n<div class=\"siteorigin-widget-tinymce textwidget\">\n\t<h2 class=\"text-center white mgb50\"><span class=\"avo-header header-pattern-white fs30\">\u0110\u1ed0I T\u00c1C<\/span><\/h2>\n<\/div>\n<\/div><\/div><div id=\"panel-29-2-0-4\" class=\"so-panel widget widget_shortcodes-ultimate shortcodes-ultimate\" data-index=\"27\" ><h3 class=\"widget-title\"><\/h3><div class=\"textwidget\"><\/div><\/div><div id=\"panel-29-2-0-9\" class=\"so-panel widget widget_sow-image-grid panel-last-child\" data-index=\"32\" ><div class=\"wow flipInX act-partners-logo panel-widget-style panel-widget-style-for-29-2-0-9\" data-wow-offset=\"10\" data-wow-iteration=\"1\" ><div\n\t\t\t\n\t\t\tclass=\"so-widget-sow-image-grid so-widget-sow-image-grid-default-46e3cddde1e5-2439\"\n\t\t\t\n\t\t>\t<div class=\"sow-image-grid-wrapper\"\n\t\tdata-max-width=\"200\"\t\tdata-max-height=\"200\">\n\t\t\t\t\t<div class=\"sow-image-grid-image\">\n\t\t\t\t\t\t\t\t<img decoding=\"async\" width=\"262\" height=\"125\" src=\"https:\/\/www.actlogistics.vn\/wp-content\/uploads\/2015\/11\/logo_wcaworld.jpg\" class=\"sow-image-grid-image_html\" alt=\"\" title=\"\" loading=\"lazy\" \/>\t\t\t\t\t\t\t<\/div>\n\t\t\t\t\t<div class=\"sow-image-grid-image\">\n\t\t\t\t\t\t\t\t<img decoding=\"async\" width=\"274\" height=\"150\" src=\"https:\/\/www.actlogistics.vn\/wp-content\/uploads\/2015\/11\/OZ1-e1465651613516.png\" class=\"sow-image-grid-image_html\" alt=\"\" title=\"OZ1\" loading=\"lazy\" \/>\t\t\t\t\t\t\t<\/div>\n\t\t\t\t\t<div class=\"sow-image-grid-image\">\n\t\t\t\t\t\t\t\t<img decoding=\"async\" width=\"262\" height=\"125\" src=\"https:\/\/www.actlogistics.vn\/wp-content\/uploads\/2022\/05\/wca-inter.jpg\" class=\"sow-image-grid-image_html\" alt=\"\" title=\"wca inter\" loading=\"lazy\" \/>\t\t\t\t\t\t\t<\/div>\n\t\t\t\t\t<div class=\"sow-image-grid-image\">\n\t\t\t\t\t\t\t\t<img decoding=\"async\" width=\"1783\" height=\"1114\" src=\"https:\/\/www.actlogistics.vn\/wp-content\/uploads\/2022\/05\/VLA-VIETNAM-LOGISTICS-BUSINESS-ASSOCIATION-LOGO.jpg\" class=\"sow-image-grid-image_html\" alt=\"\" title=\"\" loading=\"lazy\" srcset=\"https:\/\/www.actlogistics.vn\/wp-content\/uploads\/2022\/05\/VLA-VIETNAM-LOGISTICS-BUSINESS-ASSOCIATION-LOGO.jpg 1783w, https:\/\/www.actlogistics.vn\/wp-content\/uploads\/2022\/05\/VLA-VIETNAM-LOGISTICS-BUSINESS-ASSOCIATION-LOGO-300x187.jpg 300w, https:\/\/www.actlogistics.vn\/wp-content\/uploads\/2022\/05\/VLA-VIETNAM-LOGISTICS-BUSINESS-ASSOCIATION-LOGO-1024x640.jpg 1024w, https:\/\/www.actlogistics.vn\/wp-content\/uploads\/2022\/05\/VLA-VIETNAM-LOGISTICS-BUSINESS-ASSOCIATION-LOGO-768x480.jpg 768w, https:\/\/www.actlogistics.vn\/wp-content\/uploads\/2022\/05\/VLA-VIETNAM-LOGISTICS-BUSINESS-ASSOCIATION-LOGO-1536x960.jpg 1536w\" sizes=\"auto, (max-width: 1783px) 100vw, 1783px\" \/>\t\t\t\t\t\t\t<\/div>\n\t\t\t\t\t<div class=\"sow-image-grid-image\">\n\t\t\t\t\t\t\t\t<img decoding=\"async\" width=\"300\" height=\"193\" src=\"https:\/\/www.actlogistics.vn\/wp-content\/uploads\/2017\/02\/IATA1.jpg\" class=\"sow-image-grid-image_html\" alt=\"\" title=\"Default title\" loading=\"lazy\" \/>\t\t\t\t\t\t\t<\/div>\n\t\t\t\t\t<div class=\"sow-image-grid-image\">\n\t\t\t\t\t\t\t\t<img decoding=\"async\" width=\"1200\" height=\"769\" src=\"https:\/\/www.actlogistics.vn\/wp-content\/uploads\/2022\/05\/1200px-IATAlogo.svg-Copy.png\" class=\"sow-image-grid-image_html\" alt=\"\" title=\"1200px-IATAlogo.svg &#8211; Copy\" loading=\"lazy\" srcset=\"https:\/\/www.actlogistics.vn\/wp-content\/uploads\/2022\/05\/1200px-IATAlogo.svg-Copy.png 1200w, https:\/\/www.actlogistics.vn\/wp-content\/uploads\/2022\/05\/1200px-IATAlogo.svg-Copy-300x192.png 300w, https:\/\/www.actlogistics.vn\/wp-content\/uploads\/2022\/05\/1200px-IATAlogo.svg-Copy-1024x656.png 1024w, https:\/\/www.actlogistics.vn\/wp-content\/uploads\/2022\/05\/1200px-IATAlogo.svg-Copy-768x492.png 768w\" sizes=\"auto, (max-width: 1200px) 100vw, 1200px\" \/>\t\t\t\t\t\t\t<\/div>\n\t\t\t<\/div>\n<\/div><\/div><\/div><\/div><\/div><\/div><div id=\"pg-29-3\"  class=\"panel-grid panel-has-style\" ><div class=\"hidden-xs hidden-sm panel-row-style panel-row-style-for-29-3\" ><div id=\"pgc-29-3-0\"  class=\"panel-grid-cell\" ><div id=\"panel-29-3-0-0\" class=\"so-panel widget widget_spacer panel-first-child\" data-index=\"33\" ><div\n\t\t\t\n\t\t\tclass=\"so-widget-spacer so-widget-spacer-spacer-style-d75171398898-2439\"\n\t\t\t\n\t\t>\r\n\r\n\r\n\r\n\r\n<div class=\"spacer\" style=\"height: 100px\">\r\n<\/div><\/div><\/div><div id=\"panel-29-3-0-1\" class=\"so-panel widget widget_spacer panel-last-child\" data-index=\"34\" ><div\n\t\t\t\n\t\t\tclass=\"so-widget-spacer so-widget-spacer-spacer-style-d75171398898-2439\"\n\t\t\t\n\t\t>\r\n\r\n\r\n\r\n\r\n<div class=\"spacer\" style=\"height: 100px\">\r\n<\/div><\/div><\/div><\/div><\/div><\/div><\/div>","protected":false},"excerpt":{"rendered":"<p>ABOUT US ACT Logistics is a logistics management company providing full service integrated transportation, customs brokerage, warehousing and distribution globally. The company was founded in 2010 and is based in Vietnam with an investment from Singapore. The facility handled our goods allows us to provide personal service and efficiency for our customers, regardless of size.<a href=\"https:\/\/www.actlogistics.vn\/vn\/antonov-airlines-looks-to-establish-leipzig-as-operational-base\/\">[&#8230;]<\/a><\/p>\n","protected":false},"author":1,"featured_media":0,"parent":0,"menu_order":8,"comment_status":"closed","ping_status":"closed","template":"","meta":{"footnotes":""},"class_list":["post-29","page","type-page","status-publish","hentry"],"_links":{"self":[{"href":"https:\/\/www.actlogistics.vn\/vn\/wp-json\/wp\/v2\/pages\/29","targetHints":{"allow":["GET"]}}],"collection":[{"href":"https:\/\/www.actlogistics.vn\/vn\/wp-json\/wp\/v2\/pages"}],"about":[{"href":"https:\/\/www.actlogistics.vn\/vn\/wp-json\/wp\/v2\/types\/page"}],"author":[{"embeddable":true,"href":"https:\/\/www.actlogistics.vn\/vn\/wp-json\/wp\/v2\/users\/1"}],"replies":[{"embeddable":true,"href":"https:\/\/www.actlogistics.vn\/vn\/wp-json\/wp\/v2\/comments?post=29"}],"version-history":[{"count":209,"href":"https:\/\/www.actlogistics.vn\/vn\/wp-json\/wp\/v2\/pages\/29\/revisions"}],"predecessor-version":[{"id":2487,"href":"https:\/\/www.actlogistics.vn\/vn\/wp-json\/wp\/v2\/pages\/29\/revisions\/2487"}],"wp:attachment":[{"href":"https:\/\/www.actlogistics.vn\/vn\/wp-json\/wp\/v2\/media?parent=29"}],"curies":[{"name":"wp","href":"https:\/\/api.w.org\/{rel}","templated":true}]}}